{"id":1755,"date":"2025-08-01T12:15:16","date_gmt":"2025-08-01T08:15:16","guid":{"rendered":"https:\/\/buddhism.am\/?page_id=1755"},"modified":"2026-01-17T19:13:59","modified_gmt":"2026-01-17T15:13:59","slug":"gallery","status":"publish","type":"page","link":"https:\/\/buddhism.am\/hy\/gallery\/","title":{"rendered":"\u054a\u0561\u057f\u056f\u0565\u0580\u0576\u0565\u0580"},"content":{"rendered":"<div data-elementor-type=\"wp-page\" data-elementor-id=\"1755\" class=\"elementor elementor-1755\">\n\t\t\t\t<div class=\"elementor-element elementor-element-6489065 e-flex e-con-boxed e-con e-parent\" data-id=\"6489065\" data-element_type=\"container\" data-settings=\"{&quot;background_background&quot;:&quot;classic&quot;}\">\n\t\t\t\t\t<div class=\"e-con-inner\">\n\t\t\t\t<div class=\"elementor-element elementor-element-545e28a elementor-widget elementor-widget-heading\" data-id=\"545e28a\" data-element_type=\"widget\" data-widget_type=\"heading.default\">\n\t\t\t\t\t<h2 class=\"elementor-heading-title elementor-size-default\">\u054a\u0561\u057f\u056f\u0565\u0580\u0576\u0565\u0580<\/h2>\t\t\t\t<\/div>\n\t\t\t\t\t<\/div>\n\t\t\t\t<\/div>\n\t\t<div class=\"elementor-element elementor-element-4f94131 e-flex e-con-boxed e-con e-parent\" data-id=\"4f94131\" data-element_type=\"container\">\n\t\t\t\t\t<div class=\"e-con-inner\">\n\t\t\t\t<div class=\"elementor-element elementor-element-e8d49a6 pp-equal-height-yes elementor-grid-tablet-3 elementor-grid-3 elementor-grid-mobile-1 elementor-widget elementor-widget-pp-posts\" data-id=\"e8d49a6\" data-element_type=\"widget\" data-widget_type=\"pp-posts.classic\">\n\t\t\t\t\t\t\t<div class=\"pp-posts-container\">\n\t\t\t\n\t\t\t\t\t\t\t\t\t\t\n\t\t\t<div class=\"pp-posts pp-posts-skin-classic pp-posts-align-buttons elementor-grid pp-posts-grid\" data-query-type=\"custom\" data-layout=\"grid\" data-page=\"1755\" data-skin=\"classic\">\n\t\t\t\t\t\t\t\t\t\t\t<div class=\"pp-post-wrap pp-grid-item-wrap elementor-grid-item post-1834 gallery type-gallery status-publish has-post-thumbnail hentry\">\n\t\t\t\t\t\t<div class=\"pp-post pp-grid-item\">\n\t\t\t\t\t\t<div class=\"pp-post-thumbnail\">\n\t\t\t<a class=\"pp-post-thumbnail-wrap\" href=\"https:\/\/buddhism.am\/hy\/gallery\/%d5%a2%d5%b0%d5%a1%d5%b6%d5%bf%d5%a5-%d5%ba%d5%a1%d5%b6%d5%b5%d5%a1%d5%a1%d5%b6%d5%a1%d5%bf%d5%bf%d5%a1-2\/\" title=\"\u054a\u0561\u0576\u0576\u0575\u0561\u0576\u0561\u057f\u057f\u0561 \u0532\u0570\u0561\u0576\u057f\u0565\">\n\t\t\t\t<img fetchpriority=\"high\" decoding=\"async\" width=\"844\" height=\"844\" src=\"https:\/\/buddhism.am\/wp-content\/uploads\/2025\/09\/wmremove-transformed-1.webp\" class=\"attachment-full size-full wp-image-2053\" alt=\"\" srcset=\"https:\/\/buddhism.am\/wp-content\/uploads\/2025\/09\/wmremove-transformed-1.webp 844w, https:\/\/buddhism.am\/wp-content\/uploads\/2025\/09\/wmremove-transformed-1-300x300.webp 300w, https:\/\/buddhism.am\/wp-content\/uploads\/2025\/09\/wmremove-transformed-1-150x150.webp 150w, https:\/\/buddhism.am\/wp-content\/uploads\/2025\/09\/wmremove-transformed-1-768x768.webp 768w, https:\/\/buddhism.am\/wp-content\/uploads\/2025\/09\/wmremove-transformed-1-12x12.webp 12w\" sizes=\"(max-width: 844px) 100vw, 844px\" \/>\t\t\t<\/a>\n\t\t<\/div>\n\t\t\n\t\t\t\t\n\t\t\t\t<div class=\"pp-post-content-wrap\">\n\t\t\t\t\t<div class=\"pp-post-content\">\n\t\t\t\t\t\t\t\t\t\t\t\t<div class=\"pp-post-meta\">\n\t\t\t\t\t\t\t\t<span class=\"pp-post-date\">\n\t\t\t\t\t\t\t<span class=\"pp-icon\">\n\t\t\t\t<svg class=\"pp-meta-icon e-font-icon-svg e-fas-calendar\" aria-hidden=\"true\" viewbox=\"0 0 448 512\" xmlns=\"http:\/\/www.w3.org\/2000\/svg\"><path d=\"M12 192h424c6.6 0 12 5.4 12 12v260c0 26.5-21.5 48-48 48H48c-26.5 0-48-21.5-48-48V204c0-6.6 5.4-12 12-12zm436-44v-36c0-26.5-21.5-48-48-48h-48V12c0-6.6-5.4-12-12-12h-40c-6.6 0-12 5.4-12 12v52H160V12c0-6.6-5.4-12-12-12h-40c-6.6 0-12 5.4-12 12v52H48C21.5 64 0 85.5 0 112v36c0 6.6 5.4 12 12 12h424c6.6 0 12-5.4 12-12z\"><\/path><\/svg>\t\t\t\t<\/span>\n\t\t\t\t\t\t\t<span class=\"pp-meta-text\">\n\t\t\t\t18 \u054d\u0565\u057a\u057f\u0565\u0574\u0562\u0565\u0580\u056b, 2025\t\t\t<\/span>\n\t\t<\/span>\n\t\t<span class=\"pp-meta-separator\"><\/span>\n\t\t\t\t\t\t\t<\/div>\n\t\t\t\t\t\t\t\t\t<h4 class=\"pp-post-title\">\n\t\t\t\t<a href=\"https:\/\/buddhism.am\/hy\/gallery\/%d5%a2%d5%b0%d5%a1%d5%b6%d5%bf%d5%a5-%d5%ba%d5%a1%d5%b6%d5%b5%d5%a1%d5%a1%d5%b6%d5%a1%d5%bf%d5%bf%d5%a1-2\/\">\u054a\u0561\u0576\u0576\u0575\u0561\u0576\u0561\u057f\u057f\u0561 \u0532\u0570\u0561\u0576\u057f\u0565<\/a>\t\t\t<\/h4>\n\t\t\t\t\t\t\t<div class=\"pp-post-excerpt\">\n\t\t\t\t\t<\/div>\n\t\t\t\t\t\t\t\t\t<\/div>\n\t\t\t\t\t\t\t\t\t<\/div>\n\n\t\t\t\t\t\t\t<\/div>\n\t\t\t\t\t<\/div>\n\t\t\t\t<div class=\"pp-post-wrap pp-grid-item-wrap elementor-grid-item post-1828 gallery type-gallery status-publish has-post-thumbnail hentry\">\n\t\t\t\t\t\t<div class=\"pp-post pp-grid-item\">\n\t\t\t\t\t\t<div class=\"pp-post-thumbnail\">\n\t\t\t<a class=\"pp-post-thumbnail-wrap\" href=\"https:\/\/buddhism.am\/hy\/gallery\/lord-buddha\/\" title=\"\u054f\u0565\u0580  \u0532\u0578\u0582\u0564\u0564\u0561\">\n\t\t\t\t<img decoding=\"async\" width=\"1024\" height=\"1024\" src=\"https:\/\/buddhism.am\/wp-content\/uploads\/2025\/09\/Featured_image.webp\" class=\"attachment-full size-full wp-image-1876\" alt=\"Illustration of the Buddha seated in meditation beneath a tree, with a golden halo behind his head and a calm, contemplative expression.\" srcset=\"https:\/\/buddhism.am\/wp-content\/uploads\/2025\/09\/Featured_image.webp 1024w, https:\/\/buddhism.am\/wp-content\/uploads\/2025\/09\/Featured_image-300x300.webp 300w, https:\/\/buddhism.am\/wp-content\/uploads\/2025\/09\/Featured_image-150x150.webp 150w, https:\/\/buddhism.am\/wp-content\/uploads\/2025\/09\/Featured_image-768x768.webp 768w, https:\/\/buddhism.am\/wp-content\/uploads\/2025\/09\/Featured_image-12x12.webp 12w\" sizes=\"(max-width: 1024px) 100vw, 1024px\" \/>\t\t\t<\/a>\n\t\t<\/div>\n\t\t\n\t\t\t\t\n\t\t\t\t<div class=\"pp-post-content-wrap\">\n\t\t\t\t\t<div class=\"pp-post-content\">\n\t\t\t\t\t\t\t\t\t\t\t\t<div class=\"pp-post-meta\">\n\t\t\t\t\t\t\t\t<span class=\"pp-post-date\">\n\t\t\t\t\t\t\t<span class=\"pp-icon\">\n\t\t\t\t<svg class=\"pp-meta-icon e-font-icon-svg e-fas-calendar\" aria-hidden=\"true\" viewbox=\"0 0 448 512\" xmlns=\"http:\/\/www.w3.org\/2000\/svg\"><path d=\"M12 192h424c6.6 0 12 5.4 12 12v260c0 26.5-21.5 48-48 48H48c-26.5 0-48-21.5-48-48V204c0-6.6 5.4-12 12-12zm436-44v-36c0-26.5-21.5-48-48-48h-48V12c0-6.6-5.4-12-12-12h-40c-6.6 0-12 5.4-12 12v52H160V12c0-6.6-5.4-12-12-12h-40c-6.6 0-12 5.4-12 12v52H48C21.5 64 0 85.5 0 112v36c0 6.6 5.4 12 12 12h424c6.6 0 12-5.4 12-12z\"><\/path><\/svg>\t\t\t\t<\/span>\n\t\t\t\t\t\t\t<span class=\"pp-meta-text\">\n\t\t\t\t5 \u054d\u0565\u057a\u057f\u0565\u0574\u0562\u0565\u0580\u056b, 2025\t\t\t<\/span>\n\t\t<\/span>\n\t\t<span class=\"pp-meta-separator\"><\/span>\n\t\t\t\t\t\t\t<\/div>\n\t\t\t\t\t\t\t\t\t<h4 class=\"pp-post-title\">\n\t\t\t\t<a href=\"https:\/\/buddhism.am\/hy\/gallery\/lord-buddha\/\">\u054f\u0565\u0580  \u0532\u0578\u0582\u0564\u0564\u0561<\/a>\t\t\t<\/h4>\n\t\t\t\t\t\t\t<div class=\"pp-post-excerpt\">\n\t\t\t\t\t<\/div>\n\t\t\t\t\t\t\t\t\t<\/div>\n\t\t\t\t\t\t\t\t\t<\/div>\n\n\t\t\t\t\t\t\t<\/div>\n\t\t\t\t\t<\/div>\n\t\t\t\t<div class=\"pp-post-wrap pp-grid-item-wrap elementor-grid-item post-1819 gallery type-gallery status-publish has-post-thumbnail hentry\">\n\t\t\t\t\t\t<div class=\"pp-post pp-grid-item\">\n\t\t\t\t\t\t<div class=\"pp-post-thumbnail\">\n\t\t\t<a class=\"pp-post-thumbnail-wrap\" href=\"https:\/\/buddhism.am\/hy\/gallery\/buddha-1\/\" title=\"\u053f\u0561\u0576\u0563\u0576\u0561\u056e \u0532\u0578\u0582\u0564\u0564\u0561\u0575\u056b \u0561\u0580\u0571\u0561\u0576\">\n\t\t\t\t<img decoding=\"async\" width=\"1024\" height=\"1024\" src=\"https:\/\/buddhism.am\/wp-content\/uploads\/2025\/09\/Featured_image_1.webp\" class=\"attachment-full size-full wp-image-1879\" alt=\"Standing Buddha statue with right hand raised in a gesture of reassurance, carved in stone against a dark background.\" srcset=\"https:\/\/buddhism.am\/wp-content\/uploads\/2025\/09\/Featured_image_1.webp 1024w, https:\/\/buddhism.am\/wp-content\/uploads\/2025\/09\/Featured_image_1-300x300.webp 300w, https:\/\/buddhism.am\/wp-content\/uploads\/2025\/09\/Featured_image_1-150x150.webp 150w, https:\/\/buddhism.am\/wp-content\/uploads\/2025\/09\/Featured_image_1-768x768.webp 768w, https:\/\/buddhism.am\/wp-content\/uploads\/2025\/09\/Featured_image_1-12x12.webp 12w\" sizes=\"(max-width: 1024px) 100vw, 1024px\" \/>\t\t\t<\/a>\n\t\t<\/div>\n\t\t\n\t\t\t\t\n\t\t\t\t<div class=\"pp-post-content-wrap\">\n\t\t\t\t\t<div class=\"pp-post-content\">\n\t\t\t\t\t\t\t\t\t\t\t\t<div class=\"pp-post-meta\">\n\t\t\t\t\t\t\t\t<span class=\"pp-post-date\">\n\t\t\t\t\t\t\t<span class=\"pp-icon\">\n\t\t\t\t<svg class=\"pp-meta-icon e-font-icon-svg e-fas-calendar\" aria-hidden=\"true\" viewbox=\"0 0 448 512\" xmlns=\"http:\/\/www.w3.org\/2000\/svg\"><path d=\"M12 192h424c6.6 0 12 5.4 12 12v260c0 26.5-21.5 48-48 48H48c-26.5 0-48-21.5-48-48V204c0-6.6 5.4-12 12-12zm436-44v-36c0-26.5-21.5-48-48-48h-48V12c0-6.6-5.4-12-12-12h-40c-6.6 0-12 5.4-12 12v52H160V12c0-6.6-5.4-12-12-12h-40c-6.6 0-12 5.4-12 12v52H48C21.5 64 0 85.5 0 112v36c0 6.6 5.4 12 12 12h424c6.6 0 12-5.4 12-12z\"><\/path><\/svg>\t\t\t\t<\/span>\n\t\t\t\t\t\t\t<span class=\"pp-meta-text\">\n\t\t\t\t4 \u054d\u0565\u057a\u057f\u0565\u0574\u0562\u0565\u0580\u056b, 2025\t\t\t<\/span>\n\t\t<\/span>\n\t\t<span class=\"pp-meta-separator\"><\/span>\n\t\t\t\t\t\t\t<\/div>\n\t\t\t\t\t\t\t\t\t<h4 class=\"pp-post-title\">\n\t\t\t\t<a href=\"https:\/\/buddhism.am\/hy\/gallery\/buddha-1\/\">\u053f\u0561\u0576\u0563\u0576\u0561\u056e \u0532\u0578\u0582\u0564\u0564\u0561\u0575\u056b \u0561\u0580\u0571\u0561\u0576<\/a>\t\t\t<\/h4>\n\t\t\t\t\t\t\t<div class=\"pp-post-excerpt\">\n\t\t\t\t\t<\/div>\n\t\t\t\t\t\t\t\t\t<\/div>\n\t\t\t\t\t\t\t\t\t<\/div>\n\n\t\t\t\t\t\t\t<\/div>\n\t\t\t\t\t<\/div>\n\t\t\t\t\t\t\t\t\t<\/div>\n\t\t\t\n\t\t\t\n\t\t\t\n\t\t\t\n\t\t\t\t\t\t\t\t\t\t\t<div class=\"pp-posts-pagination-wrap pp-posts-pagination-bottom\">\n\t\t\t\t\t\t\t\t\t<\/div>\n\t\t\t\t\t\t\t\t\t<\/div>\n\n\t\t\n\t\t\t\t\t\t<\/div>\n\t\t\t\t\t<\/div>\n\t\t\t\t<\/div>\n\t\t\t\t<\/div>","protected":false},"excerpt":{"rendered":"<p>Gallery September 18, 2025 Pa\u00f1\u00f1\u0101natt\u0101 Bhante September 5, 2025 Lord Buddha September 4, 2025 Standing Buddha statue<\/p>","protected":false},"author":3,"featured_media":0,"parent":0,"menu_order":0,"comment_status":"closed","ping_status":"closed","template":"elementor_header_footer","meta":{"_acf_changed":false,"site-sidebar-layout":"no-sidebar","site-content-layout":"","ast-site-content-layout":"full-width-container","site-content-style":"default","site-sidebar-style":"default","ast-global-header-display":"","ast-banner-title-visibility":"","ast-main-header-display":"","ast-hfb-above-header-display":"","ast-hfb-below-header-display":"","ast-hfb-mobile-header-display":"","site-post-title":"disabled","ast-breadcrumbs-content":"","ast-featured-img":"disabled","footer-sml-layout":"","theme-transparent-header-meta":"","adv-header-id-meta":"","stick-header-meta":"","header-above-stick-meta":"","header-main-stick-meta":"","header-below-stick-meta":"","astra-migrate-meta-layouts":"default","ast-page-background-enabled":"default","ast-page-background-meta":{"desktop":{"background-color":"var(--ast-global-color-4)","background-image":"","background-repeat":"repeat","background-position":"center center","background-size":"auto","background-attachment":"scroll","background-type":"","background-media":"","overlay-type":"","overlay-color":"","overlay-opacity":"","overlay-gradient":""},"tablet":{"background-color":"","background-image":"","background-repeat":"repeat","background-position":"center center","background-size":"auto","background-attachment":"scroll","background-type":"","background-media":"","overlay-type":"","overlay-color":"","overlay-opacity":"","overlay-gradient":""},"mobile":{"background-color":"","background-image":"","background-repeat":"repeat","background-position":"center center","background-size":"auto","background-attachment":"scroll","background-type":"","background-media":"","overlay-type":"","overlay-color":"","overlay-opacity":"","overlay-gradient":""}},"ast-content-background-meta":{"desktop":{"background-color":"var(--ast-global-color-5)","background-image":"","background-repeat":"repeat","background-position":"center center","background-size":"auto","background-attachment":"scroll","background-type":"","background-media":"","overlay-type":"","overlay-color":"","overlay-opacity":"","overlay-gradient":""},"tablet":{"background-color":"var(--ast-global-color-5)","background-image":"","background-repeat":"repeat","background-position":"center center","background-size":"auto","background-attachment":"scroll","background-type":"","background-media":"","overlay-type":"","overlay-color":"","overlay-opacity":"","overlay-gradient":""},"mobile":{"background-color":"var(--ast-global-color-5)","background-image":"","background-repeat":"repeat","background-position":"center center","background-size":"auto","background-attachment":"scroll","background-type":"","background-media":"","overlay-type":"","overlay-color":"","overlay-opacity":"","overlay-gradient":""}},"footnotes":""},"class_list":["post-1755","page","type-page","status-publish","hentry"],"acf":[],"_links":{"self":[{"href":"https:\/\/buddhism.am\/hy\/wp-json\/wp\/v2\/pages\/1755","targetHints":{"allow":["GET"]}}],"collection":[{"href":"https:\/\/buddhism.am\/hy\/wp-json\/wp\/v2\/pages"}],"about":[{"href":"https:\/\/buddhism.am\/hy\/wp-json\/wp\/v2\/types\/page"}],"author":[{"embeddable":true,"href":"https:\/\/buddhism.am\/hy\/wp-json\/wp\/v2\/users\/3"}],"replies":[{"embeddable":true,"href":"https:\/\/buddhism.am\/hy\/wp-json\/wp\/v2\/comments?post=1755"}],"version-history":[{"count":49,"href":"https:\/\/buddhism.am\/hy\/wp-json\/wp\/v2\/pages\/1755\/revisions"}],"predecessor-version":[{"id":1946,"href":"https:\/\/buddhism.am\/hy\/wp-json\/wp\/v2\/pages\/1755\/revisions\/1946"}],"wp:attachment":[{"href":"https:\/\/buddhism.am\/hy\/wp-json\/wp\/v2\/media?parent=1755"}],"curies":[{"name":"wp","href":"https:\/\/api.w.org\/{rel}","templated":true}]}}